{"id":30,"date":"2024-11-28T11:24:06","date_gmt":"2024-11-28T11:24:06","guid":{"rendered":"https:\/\/violenceagainstwomeneu.com\/?page_id=30"},"modified":"2025-01-31T11:05:16","modified_gmt":"2025-01-31T11:05:16","slug":"objetivos","status":"publish","type":"page","link":"https:\/\/violenceagainstwomeneu.com\/en\/objetivos\/","title":{"rendered":"Objectives"},"content":{"rendered":"<div data-elementor-type=\"wp-page\" data-elementor-id=\"30\" class=\"elementor elementor-30\" data-elementor-post-type=\"page\">\n\t\t\t\t<div class=\"elementor-element elementor-element-862ab44 e-flex e-con-boxed e-con e-parent\" data-id=\"862ab44\" data-element_type=\"container\">\n\t\t\t\t\t<div class=\"e-con-inner\">\n\t\t<div class=\"elementor-element elementor-element-6bfb849 e-con-full e-flex e-con e-child\" data-id=\"6bfb849\" data-element_type=\"container\">\n\t\t\t\t<div class=\"elementor-element elementor-element-b5853f3 elementor-widget elementor-widget-text-editor\" data-id=\"b5853f3\" data-element_type=\"widget\" data-widget_type=\"text-editor.default\">\n\t\t\t\t<div class=\"elementor-widget-container\">\n\t\t\t\t\t\t\t\t\t<p>In particular, aims to convey to its different recipients (university students, social agents, political leaders and the general public) the equality measures implemented by the European Union and, in particular, those adopted against gender violence and against domestic violence. Likewise, the aim is to publicize the legislative initiative of the Proposal for a Directive (UE) 2024\/1385 of the European Parliament and of the Council of May 14, 2024 on the \"fight against violence against women and domestic violence\", highlighting the sensitivity of the European Union towards these phenomena.\u00a0<\/p><p>The proposed will not only educate on equality policies and those aimed at fighting against gender violence and family violence, but will also raise awareness among its recipients about a very specific aspect: the treatment that the European Union proposes for the inclusion of migrant women and women of migrant origin who are victims of gender violence or domestic violence.<\/p><p>The study of the Directive is one of the objectives pursued in this Module because since the conclusion of the Istanbul Convention (2011) until today, new forms of violence have arisen and these can be solved with other protection measures for victims. For this reason, the Directive regulates minimum standards that Member States must promote to improve prevention, protection, support for victims, access to justice and coordination. The Directive will provide for the first time a comprehensive framework to effectively combat violence against women and domestic violence across the European Union, offering legal certainty, effective enforcement and protection of victims.<\/p><p>In particular, the study will focus on the measures adopted by the European Union to combat violence against women and domestic violence, focusing especially on migrant women and women of migrant origin.<\/p><p>The specific objectives are the following:<\/p>\t\t\t\t\t\t\t\t<\/div>\n\t\t\t\t<\/div>\n\t\t<a class=\"elementor-element elementor-element-a9d5d1f e-con-full e-grid elementor-invisible e-con e-child\" data-id=\"a9d5d1f\" data-element_type=\"container\" data-settings=\"{&quot;background_background&quot;:&quot;classic&quot;,&quot;animation&quot;:&quot;fadeInUp&quot;,&quot;animation_delay&quot;:300}\">\n\t\t<div class=\"elementor-element elementor-element-b3af761 e-con-full e-flex e-con e-child\" data-id=\"b3af761\" data-element_type=\"container\" data-settings=\"{&quot;background_background&quot;:&quot;classic&quot;}\">\n\t\t\t\t<div class=\"elementor-element elementor-element-c9efd50 elementor-widget elementor-widget-heading\" data-id=\"c9efd50\" data-element_type=\"widget\" data-widget_type=\"heading.default\">\n\t\t\t\t<div class=\"elementor-widget-container\">\n\t\t\t\t\t<span class=\"elementor-heading-title elementor-size-default\">Objective 1<\/span>\t\t\t\t<\/div>\n\t\t\t\t<\/div>\n\t\t\t\t<div class=\"elementor-element elementor-element-2f1194a elementor-widget elementor-widget-heading\" data-id=\"2f1194a\" data-element_type=\"widget\" data-widget_type=\"heading.default\">\n\t\t\t\t<div class=\"elementor-widget-container\">\n\t\t\t\t\t<span class=\"elementor-heading-title elementor-size-default\">Promote the development of scientific-legal knowledge<\/span>\t\t\t\t<\/div>\n\t\t\t\t<\/div>\n\t\t\t\t<div class=\"elementor-element elementor-element-afbaee9 elementor-widget elementor-widget-text-editor\" data-id=\"afbaee9\" data-element_type=\"widget\" data-widget_type=\"text-editor.default\">\n\t\t\t\t<div class=\"elementor-widget-container\">\n\t\t\t\t\t\t\t\t\tOf the measures adopted by the European Union to combat gender violence and strengthen coordination and cooperation at national and European Union level, as well as disseminate them.\n\t\t\t\t\t\t\t\t<\/div>\n\t\t\t\t<\/div>\n\t\t\t\t<\/div>\n\t\t<div class=\"elementor-element elementor-element-dbc37ee e-con-full e-flex e-con e-child\" data-id=\"dbc37ee\" data-element_type=\"container\" data-settings=\"{&quot;background_background&quot;:&quot;classic&quot;}\">\n\t\t\t\t<div class=\"elementor-element elementor-element-49e4bcb elementor-widget elementor-widget-heading\" data-id=\"49e4bcb\" data-element_type=\"widget\" data-widget_type=\"heading.default\">\n\t\t\t\t<div class=\"elementor-widget-container\">\n\t\t\t\t\t<span class=\"elementor-heading-title elementor-size-default\">Objective 2<\/span>\t\t\t\t<\/div>\n\t\t\t\t<\/div>\n\t\t\t\t<div class=\"elementor-element elementor-element-f2bc78c elementor-widget elementor-widget-heading\" data-id=\"f2bc78c\" data-element_type=\"widget\" data-widget_type=\"heading.default\">\n\t\t\t\t<div class=\"elementor-widget-container\">\n\t\t\t\t\t<span class=\"elementor-heading-title elementor-size-default\">Make citizens aware<\/span>\t\t\t\t<\/div>\n\t\t\t\t<\/div>\n\t\t\t\t<div class=\"elementor-element elementor-element-214e173 elementor-widget elementor-widget-text-editor\" data-id=\"214e173\" data-element_type=\"widget\" data-widget_type=\"text-editor.default\">\n\t\t\t\t<div class=\"elementor-widget-container\">\n\t\t\t\t\t\t\t\t\tOf the phenomenon of gender violence and domestic violence in all its real dimension and the involvement of the European Union in order to raise awareness. And furthermore, it is intended to convey to society the situation of migrant women or women of migrant origin who are victims of gender violence or domestic violence.\n\t\t\t\t\t\t\t\t<\/div>\n\t\t\t\t<\/div>\n\t\t\t\t<\/div>\n\t\t<div class=\"elementor-element elementor-element-63a520a e-con-full e-flex e-con e-child\" data-id=\"63a520a\" data-element_type=\"container\" data-settings=\"{&quot;background_background&quot;:&quot;classic&quot;}\">\n\t\t\t\t<div class=\"elementor-element elementor-element-38c6a33 elementor-widget elementor-widget-heading\" data-id=\"38c6a33\" data-element_type=\"widget\" data-widget_type=\"heading.default\">\n\t\t\t\t<div class=\"elementor-widget-container\">\n\t\t\t\t\t<span class=\"elementor-heading-title elementor-size-default\">Objective 3<\/span>\t\t\t\t<\/div>\n\t\t\t\t<\/div>\n\t\t\t\t<div class=\"elementor-element elementor-element-c43fff3 elementor-widget elementor-widget-heading\" data-id=\"c43fff3\" data-element_type=\"widget\" data-widget_type=\"heading.default\">\n\t\t\t\t<div class=\"elementor-widget-container\">\n\t\t\t\t\t<span class=\"elementor-heading-title elementor-size-default\">Give visibility<\/span>\t\t\t\t<\/div>\n\t\t\t\t<\/div>\n\t\t\t\t<div class=\"elementor-element elementor-element-b9e9608 elementor-widget elementor-widget-text-editor\" data-id=\"b9e9608\" data-element_type=\"widget\" data-widget_type=\"text-editor.default\">\n\t\t\t\t<div class=\"elementor-widget-container\">\n\t\t\t\t\t\t\t\t\tTo this victim group, migrant women or women of migrant origin, who are doubly vulnerable in order for the population to reach a higher level of sensitivity and awareness about their existence\n\t\t\t\t\t\t\t\t<\/div>\n\t\t\t\t<\/div>\n\t\t\t\t<\/div>\n\t\t<div class=\"elementor-element elementor-element-d17f4cc e-con-full e-flex e-con e-child\" data-id=\"d17f4cc\" data-element_type=\"container\" data-settings=\"{&quot;background_background&quot;:&quot;classic&quot;}\">\n\t\t\t\t<div class=\"elementor-element elementor-element-94ae476 elementor-widget elementor-widget-heading\" data-id=\"94ae476\" data-element_type=\"widget\" data-widget_type=\"heading.default\">\n\t\t\t\t<div class=\"elementor-widget-container\">\n\t\t\t\t\t<span class=\"elementor-heading-title elementor-size-default\">Objective 4<\/span>\t\t\t\t<\/div>\n\t\t\t\t<\/div>\n\t\t\t\t<div class=\"elementor-element elementor-element-735aaa6 elementor-widget elementor-widget-heading\" data-id=\"735aaa6\" data-element_type=\"widget\" data-widget_type=\"heading.default\">\n\t\t\t\t<div class=\"elementor-widget-container\">\n\t\t\t\t\t<span class=\"elementor-heading-title elementor-size-default\">Promote<\/span>\t\t\t\t<\/div>\n\t\t\t\t<\/div>\n\t\t\t\t<div class=\"elementor-element elementor-element-34a5fba elementor-widget elementor-widget-text-editor\" data-id=\"34a5fba\" data-element_type=\"widget\" data-widget_type=\"text-editor.default\">\n\t\t\t\t<div class=\"elementor-widget-container\">\n\t\t\t\t\t\t\t\t\tThat the entire society participates in the inclusion of migrants or women of migrant origin in general and, especially, those who are victims of violence against women or domestic violence.\n\t\t\t\t\t\t\t\t<\/div>\n\t\t\t\t<\/div>\n\t\t\t\t<\/div>\n\t\t\t\t<\/a>\n\t\t\t\t<\/div>\n\t\t<div class=\"elementor-element elementor-element-a07b7e7 e-con-full e-flex e-con e-child\" data-id=\"a07b7e7\" data-element_type=\"container\">\n\t\t\t\t<div class=\"elementor-element elementor-element-4c5b10d elementor-widget elementor-widget-heading\" data-id=\"4c5b10d\" data-element_type=\"widget\" data-widget_type=\"heading.default\">\n\t\t\t\t<div class=\"elementor-widget-container\">\n\t\t\t\t\t<span class=\"elementor-heading-title elementor-size-default\">The project developed in this Jean Monnet Module aims to raise awareness, sensitize and teach the EU's common policy on equality with a multidisciplinary perspective, from constitutional law and criminal law.<\/span>\t\t\t\t<\/div>\n\t\t\t\t<\/div>\n\t\t\t\t<\/div>\n\t\t\t\t\t<\/div>\n\t\t\t\t<\/div>\n\t\t\t\t<\/div>","protected":false},"excerpt":{"rendered":"<p>En particular, pretende transmitir a sus diferentes destinatarios (estudiantes universitarios, agentes sociales, l\u00edderes pol\u00edticos y ciudadan\u00eda en general) las medidas de igualdad implementadas por la Uni\u00f3n Europea y, en particular, las adoptadas contra la violencia de g\u00e9nero y contra la violencia dom\u00e9stica. Asimismo, se pretende dar a conocer la iniciativa legislativa de la Directiva (UE) [&hellip;]<\/p>","protected":false},"author":1,"featured_media":0,"parent":0,"menu_order":0,"comment_status":"closed","ping_status":"closed","template":"","meta":{"footnotes":""},"class_list":["post-30","page","type-page","status-publish","hentry"],"_links":{"self":[{"href":"https:\/\/violenceagainstwomeneu.com\/en\/wp-json\/wp\/v2\/pages\/30","targetHints":{"allow":["GET"]}}],"collection":[{"href":"https:\/\/violenceagainstwomeneu.com\/en\/wp-json\/wp\/v2\/pages"}],"about":[{"href":"https:\/\/violenceagainstwomeneu.com\/en\/wp-json\/wp\/v2\/types\/page"}],"author":[{"embeddable":true,"href":"https:\/\/violenceagainstwomeneu.com\/en\/wp-json\/wp\/v2\/users\/1"}],"replies":[{"embeddable":true,"href":"https:\/\/violenceagainstwomeneu.com\/en\/wp-json\/wp\/v2\/comments?post=30"}],"version-history":[{"count":28,"href":"https:\/\/violenceagainstwomeneu.com\/en\/wp-json\/wp\/v2\/pages\/30\/revisions"}],"predecessor-version":[{"id":1212,"href":"https:\/\/violenceagainstwomeneu.com\/en\/wp-json\/wp\/v2\/pages\/30\/revisions\/1212"}],"wp:attachment":[{"href":"https:\/\/violenceagainstwomeneu.com\/en\/wp-json\/wp\/v2\/media?parent=30"}],"curies":[{"name":"wp","href":"https:\/\/api.w.org\/{rel}","templated":true}]}}