{"id":32,"date":"2024-11-28T11:24:14","date_gmt":"2024-11-28T11:24:14","guid":{"rendered":"https:\/\/violenceagainstwomeneu.com\/?page_id=32"},"modified":"2025-01-27T12:40:27","modified_gmt":"2025-01-27T12:40:27","slug":"miembros","status":"publish","type":"page","link":"https:\/\/violenceagainstwomeneu.com\/en\/miembros\/","title":{"rendered":"Members"},"content":{"rendered":"<div data-elementor-type=\"wp-page\" data-elementor-id=\"32\" class=\"elementor elementor-32\" data-elementor-post-type=\"page\">\n\t\t\t\t<div class=\"elementor-element elementor-element-15cefc2 e-flex e-con-boxed e-con e-parent\" data-id=\"15cefc2\" data-element_type=\"container\">\n\t\t\t\t\t<div class=\"e-con-inner\">\n\t\t\t\t<div class=\"elementor-element elementor-element-534f848 elementor-grid-4 elementor-grid-tablet-2 elementor-grid-mobile-1 elementor-widget elementor-widget-loop-grid\" data-id=\"534f848\" data-element_type=\"widget\" data-settings=\"{&quot;template_id&quot;:861,&quot;columns&quot;:4,&quot;_skin&quot;:&quot;post&quot;,&quot;columns_tablet&quot;:&quot;2&quot;,&quot;columns_mobile&quot;:&quot;1&quot;,&quot;edit_handle_selector&quot;:&quot;[data-elementor-type=\\&quot;loop-item\\&quot;]&quot;,&quot;row_gap&quot;:{&quot;unit&quot;:&quot;px&quot;,&quot;size&quot;:&quot;&quot;,&quot;sizes&quot;:[]},&quot;row_gap_tablet&quot;:{&quot;unit&quot;:&quot;px&quot;,&quot;size&quot;:&quot;&quot;,&quot;sizes&quot;:[]},&quot;row_gap_mobile&quot;:{&quot;unit&quot;:&quot;px&quot;,&quot;size&quot;:&quot;&quot;,&quot;sizes&quot;:[]}}\" data-widget_type=\"loop-grid.post\">\n\t\t\t\t<div class=\"elementor-widget-container\">\n\t\t\t\t\t\t\t<div class=\"elementor-loop-container elementor-grid\">\n\t\t<style id=\"loop-861\">.elementor-861 .elementor-element.elementor-element-c47f013{--display:flex;--flex-direction:column;--container-widget-width:100%;--container-widget-height:initial;--container-widget-flex-grow:0;--container-widget-align-self:initial;--flex-wrap-mobile:wrap;--gap:0px 0px;--row-gap:0px;--column-gap:0px;--border-radius:16px 16px 16px 16px;--padding-top:0px;--padding-bottom:0px;--padding-left:0px;--padding-right:0px;}.elementor-861 .elementor-element.elementor-element-c47f013:not(.elementor-motion-effects-element-type-background), .elementor-861 .elementor-element.elementor-element-c47f013 > .elementor-motion-effects-container > .elementor-motion-effects-layer{background-color:var( --e-global-color-16a123f );}.elementor-861 .elementor-element.elementor-element-bb5da6a{--display:flex;--border-radius:16px 16px 16px 16px;--padding-top:0px;--padding-bottom:0px;--padding-left:0px;--padding-right:0px;}.elementor-widget-theme-post-featured-image .widget-image-caption{font-family:var( --e-global-typography-text-font-family ), Sans-serif;font-weight:var( --e-global-typography-text-font-weight );}.elementor-861 .elementor-element.elementor-element-3f07ea8 img{width:100%;height:350px;object-fit:cover;object-position:top center;border-radius:16px 16px 16px 16px;}.elementor-861 .elementor-element.elementor-element-9881103{--display:flex;--gap:10px 0px;--row-gap:10px;--column-gap:0px;--padding-top:24px;--padding-bottom:24px;--padding-left:24px;--padding-right:24px;}.elementor-861 .elementor-element.elementor-element-9881103.e-con{--flex-grow:1;--flex-shrink:0;}.elementor-widget-heading .elementor-heading-title{font-family:var( --e-global-typography-primary-font-family ), Sans-serif;font-weight:var( --e-global-typography-primary-font-weight );}.elementor-861 .elementor-element.elementor-element-d0dc70e{width:auto;max-width:auto;}.elementor-861 .elementor-element.elementor-element-d0dc70e.elementor-element{--flex-grow:0;--flex-shrink:0;}.elementor-861 .elementor-element.elementor-element-d0dc70e .elementor-heading-title{font-size:var( --e-global-typography-0fb9f3c-font-size );font-weight:var( --e-global-typography-0fb9f3c-font-weight );line-height:var( --e-global-typography-0fb9f3c-line-height );}.elementor-widget-theme-post-content{font-family:var( --e-global-typography-text-font-family ), Sans-serif;font-weight:var( --e-global-typography-text-font-weight );}.elementor-widget-button .elementor-button{font-family:var( --e-global-typography-accent-font-family ), Sans-serif;font-weight:var( --e-global-typography-accent-font-weight );}.elementor-861 .elementor-element.elementor-element-d50620e .elementor-button{font-size:var( --e-global-typography-2b147c0-font-size );font-weight:var( --e-global-typography-2b147c0-font-weight );line-height:var( --e-global-typography-2b147c0-line-height );fill:var( --e-global-color-490ce12 );color:var( --e-global-color-490ce12 );}.elementor-861 .elementor-element.elementor-element-d50620e .elementor-button:hover, .elementor-861 .elementor-element.elementor-element-d50620e .elementor-button:focus{color:var( --e-global-color-primary );}.elementor-861 .elementor-element.elementor-element-d50620e .elementor-button:hover svg, .elementor-861 .elementor-element.elementor-element-d50620e .elementor-button:focus svg{fill:var( --e-global-color-primary );}@media(max-width:1024px){.elementor-861 .elementor-element.elementor-element-d0dc70e .elementor-heading-title{font-size:var( --e-global-typography-0fb9f3c-font-size );line-height:var( --e-global-typography-0fb9f3c-line-height );}.elementor-861 .elementor-element.elementor-element-d50620e .elementor-button{font-size:var( --e-global-typography-2b147c0-font-size );line-height:var( --e-global-typography-2b147c0-line-height );}}@media(max-width:767px){.elementor-861 .elementor-element.elementor-element-d0dc70e .elementor-heading-title{font-size:var( --e-global-typography-0fb9f3c-font-size );line-height:var( --e-global-typography-0fb9f3c-line-height );}.elementor-861 .elementor-element.elementor-element-d50620e .elementor-button{font-size:var( --e-global-typography-2b147c0-font-size );line-height:var( --e-global-typography-2b147c0-line-height );}}<\/style>\t\t<div data-elementor-type=\"loop-item\" data-elementor-id=\"861\" class=\"elementor elementor-861 e-loop-item e-loop-item-872 post-872 miembro type-miembro status-publish has-post-thumbnail hentry\" data-elementor-post-type=\"elementor_library\" data-custom-edit-handle=\"1\">\n\t\t\t<div class=\"elementor-element elementor-element-c47f013 light e-flex e-con-boxed elementor-invisible e-con e-parent\" data-id=\"c47f013\" data-element_type=\"container\" data-settings=\"{&quot;background_background&quot;:&quot;classic&quot;,&quot;animation&quot;:&quot;fadeIn&quot;}\">\n\t\t\t\t\t<div class=\"e-con-inner\">\n\t\t<div class=\"elementor-element elementor-element-bb5da6a e-con-full e-flex e-con e-child\" data-id=\"bb5da6a\" data-element_type=\"container\">\n\t\t\t\t<div class=\"elementor-element elementor-element-3f07ea8 elementor-invisible elementor-widget elementor-widget-theme-post-featured-image elementor-widget-image\" data-id=\"3f07ea8\" data-element_type=\"widget\" data-settings=\"{&quot;_animation&quot;:&quot;fadeIn&quot;,&quot;_animation_delay&quot;:1200}\" data-widget_type=\"theme-post-featured-image.default\">\n\t\t\t\t<div class=\"elementor-widget-container\">\n\t\t\t\t\t\t\t\t\t\t\t\t\t\t\t<img decoding=\"async\" src=\"https:\/\/violenceagainstwomeneu.com\/wp-content\/uploads\/elementor\/thumbs\/Elena-Blanca-Marin-de-Espinosa-r2qxh9ixr4sr96qphn95muk3ibuihlbnebgig8daf4.jpg\" title=\"Elena Blanca Mari\u0301n de Espinosa\" alt=\"Elena Blanca Mari\u0301n de Espinosa\" loading=\"lazy\" \/>\t\t\t\t\t\t\t\t\t\t\t\t\t\t\t<\/div>\n\t\t\t\t<\/div>\n\t\t\t\t<\/div>\n\t\t<div class=\"elementor-element elementor-element-9881103 e-con-full e-flex e-con e-child\" data-id=\"9881103\" data-element_type=\"container\" data-settings=\"{&quot;background_background&quot;:&quot;classic&quot;}\">\n\t\t\t\t<div class=\"elementor-element elementor-element-d0dc70e elementor-widget__width-auto elementor-widget elementor-widget-heading\" data-id=\"d0dc70e\" data-element_type=\"widget\" data-widget_type=\"heading.default\">\n\t\t\t\t<div class=\"elementor-widget-container\">\n\t\t\t\t\t<h3 class=\"elementor-heading-title elementor-size-default\">Dra. Elena Blanca Mar\u00edn de Espinosa Ceballos<\/h3>\t\t\t\t<\/div>\n\t\t\t\t<\/div>\n\t\t\t\t<div class=\"elementor-element elementor-element-5219be3 elementor-widget elementor-widget-theme-post-content\" data-id=\"5219be3\" data-element_type=\"widget\" data-widget_type=\"theme-post-content.default\">\n\t\t\t\t<div class=\"elementor-widget-container\">\n\t\t\t\t\t\n<p>Catedr\u00e1tica de Derecho Penal de la Universidad de Granada<\/p>\n\n\n\n<p><\/p>\n\t\t\t\t<\/div>\n\t\t\t\t<\/div>\n\t\t\t\t<div class=\"elementor-element elementor-element-d50620e elementor-widget elementor-widget-button\" data-id=\"d50620e\" data-element_type=\"widget\" data-widget_type=\"button.default\">\n\t\t\t\t<div class=\"elementor-widget-container\">\n\t\t\t\t\t\t\t\t\t<div class=\"elementor-button-wrapper\">\n\t\t\t\t\t<a class=\"elementor-button elementor-button-link elementor-size-sm\" href=\"https:\/\/violenceagainstwomeneu.com\/wp-content\/uploads\/2025\/01\/CV-Elena-Blanca-Marin-de-Espinosa-Ceballos.pdf\" target=\"_blank\">\n\t\t\t\t\t\t<span class=\"elementor-button-content-wrapper\">\n\t\t\t\t\t\t\t\t\t<span class=\"elementor-button-text\">Descargar CV<\/span>\n\t\t\t\t\t<\/span>\n\t\t\t\t\t<\/a>\n\t\t\t\t<\/div>\n\t\t\t\t\t\t\t\t<\/div>\n\t\t\t\t<\/div>\n\t\t\t\t<\/div>\n\t\t\t\t\t<\/div>\n\t\t\t\t<\/div>\n\t\t\t\t<\/div>\n\t\t\t\t<div data-elementor-type=\"loop-item\" data-elementor-id=\"861\" class=\"elementor elementor-861 e-loop-item e-loop-item-883 post-883 miembro type-miembro status-publish has-post-thumbnail hentry\" data-elementor-post-type=\"elementor_library\" data-custom-edit-handle=\"1\">\n\t\t\t<div class=\"elementor-element elementor-element-c47f013 light e-flex e-con-boxed elementor-invisible e-con e-parent\" data-id=\"c47f013\" data-element_type=\"container\" data-settings=\"{&quot;background_background&quot;:&quot;classic&quot;,&quot;animation&quot;:&quot;fadeIn&quot;}\">\n\t\t\t\t\t<div class=\"e-con-inner\">\n\t\t<div class=\"elementor-element elementor-element-bb5da6a e-con-full e-flex e-con e-child\" data-id=\"bb5da6a\" data-element_type=\"container\">\n\t\t\t\t<div class=\"elementor-element elementor-element-3f07ea8 elementor-invisible elementor-widget elementor-widget-theme-post-featured-image elementor-widget-image\" data-id=\"3f07ea8\" data-element_type=\"widget\" data-settings=\"{&quot;_animation&quot;:&quot;fadeIn&quot;,&quot;_animation_delay&quot;:1200}\" data-widget_type=\"theme-post-featured-image.default\">\n\t\t\t\t<div class=\"elementor-widget-container\">\n\t\t\t\t\t\t\t\t\t\t\t\t\t\t\t<img decoding=\"async\" src=\"https:\/\/violenceagainstwomeneu.com\/wp-content\/uploads\/elementor\/thumbs\/Jose-Maria-Porras-Ramirez-scaled-r2qxh9ixr4sr96qphn95muk3ibuihlbnebgig8daf4.jpg\" title=\"Jose Maria Porras Ramirez\" alt=\"Jose Maria Porras Ramirez\" loading=\"lazy\" \/>\t\t\t\t\t\t\t\t\t\t\t\t\t\t\t<\/div>\n\t\t\t\t<\/div>\n\t\t\t\t<\/div>\n\t\t<div class=\"elementor-element elementor-element-9881103 e-con-full e-flex e-con e-child\" data-id=\"9881103\" data-element_type=\"container\" data-settings=\"{&quot;background_background&quot;:&quot;classic&quot;}\">\n\t\t\t\t<div class=\"elementor-element elementor-element-d0dc70e elementor-widget__width-auto elementor-widget elementor-widget-heading\" data-id=\"d0dc70e\" data-element_type=\"widget\" data-widget_type=\"heading.default\">\n\t\t\t\t<div class=\"elementor-widget-container\">\n\t\t\t\t\t<h3 class=\"elementor-heading-title elementor-size-default\">Dr. Jos\u00e9 Mar\u00eda Porras Ram\u00edrez<\/h3>\t\t\t\t<\/div>\n\t\t\t\t<\/div>\n\t\t\t\t<div class=\"elementor-element elementor-element-5219be3 elementor-widget elementor-widget-theme-post-content\" data-id=\"5219be3\" data-element_type=\"widget\" data-widget_type=\"theme-post-content.default\">\n\t\t\t\t<div class=\"elementor-widget-container\">\n\t\t\t\t\t\n<p>Catedr\u00e1tico de Derecho Constitucional de la Universidad de Granada<\/p>\n\t\t\t\t<\/div>\n\t\t\t\t<\/div>\n\t\t\t\t<div class=\"elementor-element elementor-element-d50620e elementor-widget elementor-widget-button\" data-id=\"d50620e\" data-element_type=\"widget\" data-widget_type=\"button.default\">\n\t\t\t\t<div class=\"elementor-widget-container\">\n\t\t\t\t\t\t\t\t\t<div class=\"elementor-button-wrapper\">\n\t\t\t\t\t<a class=\"elementor-button elementor-button-link elementor-size-sm\" href=\"https:\/\/violenceagainstwomeneu.com\/wp-content\/uploads\/2025\/01\/CV-Jose-Maria-Porras-Ramirez.pdf\" target=\"_blank\">\n\t\t\t\t\t\t<span class=\"elementor-button-content-wrapper\">\n\t\t\t\t\t\t\t\t\t<span class=\"elementor-button-text\">Descargar CV<\/span>\n\t\t\t\t\t<\/span>\n\t\t\t\t\t<\/a>\n\t\t\t\t<\/div>\n\t\t\t\t\t\t\t\t<\/div>\n\t\t\t\t<\/div>\n\t\t\t\t<\/div>\n\t\t\t\t\t<\/div>\n\t\t\t\t<\/div>\n\t\t\t\t<\/div>\n\t\t\t\t<div data-elementor-type=\"loop-item\" data-elementor-id=\"861\" class=\"elementor elementor-861 e-loop-item e-loop-item-889 post-889 miembro type-miembro status-publish has-post-thumbnail hentry\" data-elementor-post-type=\"elementor_library\" data-custom-edit-handle=\"1\">\n\t\t\t<div class=\"elementor-element elementor-element-c47f013 light e-flex e-con-boxed elementor-invisible e-con e-parent\" data-id=\"c47f013\" data-element_type=\"container\" data-settings=\"{&quot;background_background&quot;:&quot;classic&quot;,&quot;animation&quot;:&quot;fadeIn&quot;}\">\n\t\t\t\t\t<div class=\"e-con-inner\">\n\t\t<div class=\"elementor-element elementor-element-bb5da6a e-con-full e-flex e-con e-child\" data-id=\"bb5da6a\" data-element_type=\"container\">\n\t\t\t\t<div class=\"elementor-element elementor-element-3f07ea8 elementor-invisible elementor-widget elementor-widget-theme-post-featured-image elementor-widget-image\" data-id=\"3f07ea8\" data-element_type=\"widget\" data-settings=\"{&quot;_animation&quot;:&quot;fadeIn&quot;,&quot;_animation_delay&quot;:1200}\" data-widget_type=\"theme-post-featured-image.default\">\n\t\t\t\t<div class=\"elementor-widget-container\">\n\t\t\t\t\t\t\t\t\t\t\t\t\t\t\t<img decoding=\"async\" src=\"https:\/\/violenceagainstwomeneu.com\/wp-content\/uploads\/elementor\/thumbs\/Miguel-Angel-Morales-Hernandez-r2qxh9ixr4sr96qphn95muk3ibuihlbnebgig8daf4.jpg\" title=\"Miguel Angel Morales Hernandez\" alt=\"Miguel Angel Morales Hernandez\" loading=\"lazy\" \/>\t\t\t\t\t\t\t\t\t\t\t\t\t\t\t<\/div>\n\t\t\t\t<\/div>\n\t\t\t\t<\/div>\n\t\t<div class=\"elementor-element elementor-element-9881103 e-con-full e-flex e-con e-child\" data-id=\"9881103\" data-element_type=\"container\" data-settings=\"{&quot;background_background&quot;:&quot;classic&quot;}\">\n\t\t\t\t<div class=\"elementor-element elementor-element-d0dc70e elementor-widget__width-auto elementor-widget elementor-widget-heading\" data-id=\"d0dc70e\" data-element_type=\"widget\" data-widget_type=\"heading.default\">\n\t\t\t\t<div class=\"elementor-widget-container\">\n\t\t\t\t\t<h3 class=\"elementor-heading-title elementor-size-default\">Dr. Miguel \u00c1ngel Morales Hern\u00e1ndez<\/h3>\t\t\t\t<\/div>\n\t\t\t\t<\/div>\n\t\t\t\t<div class=\"elementor-element elementor-element-5219be3 elementor-widget elementor-widget-theme-post-content\" data-id=\"5219be3\" data-element_type=\"widget\" data-widget_type=\"theme-post-content.default\">\n\t\t\t\t<div class=\"elementor-widget-container\">\n\t\t\t\t\t\n<p>Profesor Ayudante doctor de la Universidad de Granada<\/p>\n\t\t\t\t<\/div>\n\t\t\t\t<\/div>\n\t\t\t\t<div class=\"elementor-element elementor-element-d50620e elementor-widget elementor-widget-button\" data-id=\"d50620e\" data-element_type=\"widget\" data-widget_type=\"button.default\">\n\t\t\t\t<div class=\"elementor-widget-container\">\n\t\t\t\t\t\t\t\t\t<div class=\"elementor-button-wrapper\">\n\t\t\t\t\t<a class=\"elementor-button elementor-button-link elementor-size-sm\" href=\"https:\/\/violenceagainstwomeneu.com\/wp-content\/uploads\/2025\/01\/CV-Miguel-Angel-Morales-Hernandez.pdf\" target=\"_blank\">\n\t\t\t\t\t\t<span class=\"elementor-button-content-wrapper\">\n\t\t\t\t\t\t\t\t\t<span class=\"elementor-button-text\">Descargar CV<\/span>\n\t\t\t\t\t<\/span>\n\t\t\t\t\t<\/a>\n\t\t\t\t<\/div>\n\t\t\t\t\t\t\t\t<\/div>\n\t\t\t\t<\/div>\n\t\t\t\t<\/div>\n\t\t\t\t\t<\/div>\n\t\t\t\t<\/div>\n\t\t\t\t<\/div>\n\t\t\t\t<div data-elementor-type=\"loop-item\" data-elementor-id=\"861\" class=\"elementor elementor-861 e-loop-item e-loop-item-894 post-894 miembro type-miembro status-publish has-post-thumbnail hentry\" data-elementor-post-type=\"elementor_library\" data-custom-edit-handle=\"1\">\n\t\t\t<div class=\"elementor-element elementor-element-c47f013 light e-flex e-con-boxed elementor-invisible e-con e-parent\" data-id=\"c47f013\" data-element_type=\"container\" data-settings=\"{&quot;background_background&quot;:&quot;classic&quot;,&quot;animation&quot;:&quot;fadeIn&quot;}\">\n\t\t\t\t\t<div class=\"e-con-inner\">\n\t\t<div class=\"elementor-element elementor-element-bb5da6a e-con-full e-flex e-con e-child\" data-id=\"bb5da6a\" data-element_type=\"container\">\n\t\t\t\t<div class=\"elementor-element elementor-element-3f07ea8 elementor-invisible elementor-widget elementor-widget-theme-post-featured-image elementor-widget-image\" data-id=\"3f07ea8\" data-element_type=\"widget\" data-settings=\"{&quot;_animation&quot;:&quot;fadeIn&quot;,&quot;_animation_delay&quot;:1200}\" data-widget_type=\"theme-post-featured-image.default\">\n\t\t\t\t<div class=\"elementor-widget-container\">\n\t\t\t\t\t\t\t\t\t\t\t\t\t\t\t<img decoding=\"async\" src=\"https:\/\/violenceagainstwomeneu.com\/wp-content\/uploads\/elementor\/thumbs\/foto-andrea-Garrido-r2qxh9ixr4sr96qphn95muk3ibuihlbnebgig8daf4.jpg\" title=\"foto andrea Garrido\" alt=\"foto andrea Garrido\" loading=\"lazy\" \/>\t\t\t\t\t\t\t\t\t\t\t\t\t\t\t<\/div>\n\t\t\t\t<\/div>\n\t\t\t\t<\/div>\n\t\t<div class=\"elementor-element elementor-element-9881103 e-con-full e-flex e-con e-child\" data-id=\"9881103\" data-element_type=\"container\" data-settings=\"{&quot;background_background&quot;:&quot;classic&quot;}\">\n\t\t\t\t<div class=\"elementor-element elementor-element-d0dc70e elementor-widget__width-auto elementor-widget elementor-widget-heading\" data-id=\"d0dc70e\" data-element_type=\"widget\" data-widget_type=\"heading.default\">\n\t\t\t\t<div class=\"elementor-widget-container\">\n\t\t\t\t\t<h3 class=\"elementor-heading-title elementor-size-default\">Andrea Garrido Raya<\/h3>\t\t\t\t<\/div>\n\t\t\t\t<\/div>\n\t\t\t\t<div class=\"elementor-element elementor-element-5219be3 elementor-widget elementor-widget-theme-post-content\" data-id=\"5219be3\" data-element_type=\"widget\" data-widget_type=\"theme-post-content.default\">\n\t\t\t\t<div class=\"elementor-widget-container\">\n\t\t\t\t\t\n<p>Contratada predoctoral. Formaci\u00f3n de profesorado de Universidad (FPU). Universidad de Granada.<\/p>\n\t\t\t\t<\/div>\n\t\t\t\t<\/div>\n\t\t\t\t<div class=\"elementor-element elementor-element-d50620e elementor-widget elementor-widget-button\" data-id=\"d50620e\" data-element_type=\"widget\" data-widget_type=\"button.default\">\n\t\t\t\t<div class=\"elementor-widget-container\">\n\t\t\t\t\t\t\t\t\t<div class=\"elementor-button-wrapper\">\n\t\t\t\t\t<a class=\"elementor-button elementor-button-link elementor-size-sm\" href=\"https:\/\/violenceagainstwomeneu.com\/wp-content\/uploads\/2025\/01\/AndreaGarridoRaya_CV2024.pdf\" target=\"_blank\">\n\t\t\t\t\t\t<span class=\"elementor-button-content-wrapper\">\n\t\t\t\t\t\t\t\t\t<span class=\"elementor-button-text\">Descargar CV<\/span>\n\t\t\t\t\t<\/span>\n\t\t\t\t\t<\/a>\n\t\t\t\t<\/div>\n\t\t\t\t\t\t\t\t<\/div>\n\t\t\t\t<\/div>\n\t\t\t\t<\/div>\n\t\t\t\t\t<\/div>\n\t\t\t\t<\/div>\n\t\t\t\t<\/div>\n\t\t\t\t<\/div>\n\t\t\n\t\t\t\t\t\t<\/div>\n\t\t\t\t<\/div>\n\t\t\t\t\t<\/div>\n\t\t\t\t<\/div>\n\t\t\t\t<\/div>","protected":false},"excerpt":{"rendered":"","protected":false},"author":1,"featured_media":0,"parent":0,"menu_order":0,"comment_status":"closed","ping_status":"closed","template":"","meta":{"footnotes":""},"class_list":["post-32","page","type-page","status-publish","hentry"],"_links":{"self":[{"href":"https:\/\/violenceagainstwomeneu.com\/en\/wp-json\/wp\/v2\/pages\/32","targetHints":{"allow":["GET"]}}],"collection":[{"href":"https:\/\/violenceagainstwomeneu.com\/en\/wp-json\/wp\/v2\/pages"}],"about":[{"href":"https:\/\/violenceagainstwomeneu.com\/en\/wp-json\/wp\/v2\/types\/page"}],"author":[{"embeddable":true,"href":"https:\/\/violenceagainstwomeneu.com\/en\/wp-json\/wp\/v2\/users\/1"}],"replies":[{"embeddable":true,"href":"https:\/\/violenceagainstwomeneu.com\/en\/wp-json\/wp\/v2\/comments?post=32"}],"version-history":[{"count":19,"href":"https:\/\/violenceagainstwomeneu.com\/en\/wp-json\/wp\/v2\/pages\/32\/revisions"}],"predecessor-version":[{"id":910,"href":"https:\/\/violenceagainstwomeneu.com\/en\/wp-json\/wp\/v2\/pages\/32\/revisions\/910"}],"wp:attachment":[{"href":"https:\/\/violenceagainstwomeneu.com\/en\/wp-json\/wp\/v2\/media?parent=32"}],"curies":[{"name":"wp","href":"https:\/\/api.w.org\/{rel}","templated":true}]}}