{"id":40,"date":"2024-11-28T11:24:49","date_gmt":"2024-11-28T11:24:49","guid":{"rendered":"https:\/\/violenceagainstwomeneu.com\/?page_id=40"},"modified":"2025-01-28T13:07:08","modified_gmt":"2025-01-28T13:07:08","slug":"noticias","status":"publish","type":"page","link":"https:\/\/violenceagainstwomeneu.com\/en\/noticias\/","title":{"rendered":"News"},"content":{"rendered":"<div data-elementor-type=\"wp-page\" data-elementor-id=\"40\" class=\"elementor elementor-40\" data-elementor-post-type=\"page\">\n\t\t\t\t<div class=\"elementor-element elementor-element-64b1e67 e-flex e-con-boxed e-con e-parent\" data-id=\"64b1e67\" data-element_type=\"container\">\n\t\t\t\t\t<div class=\"e-con-inner\">\n\t\t\t\t<div class=\"elementor-element elementor-element-988fbf6 elementor-grid-3 elementor-grid-tablet-2 elementor-grid-mobile-1 elementor-widget elementor-widget-loop-grid\" data-id=\"988fbf6\" data-element_type=\"widget\" data-settings=\"{&quot;template_id&quot;:&quot;247&quot;,&quot;_skin&quot;:&quot;post&quot;,&quot;columns&quot;:&quot;3&quot;,&quot;columns_tablet&quot;:&quot;2&quot;,&quot;columns_mobile&quot;:&quot;1&quot;,&quot;edit_handle_selector&quot;:&quot;[data-elementor-type=\\&quot;loop-item\\&quot;]&quot;,&quot;row_gap&quot;:{&quot;unit&quot;:&quot;px&quot;,&quot;size&quot;:&quot;&quot;,&quot;sizes&quot;:[]},&quot;row_gap_tablet&quot;:{&quot;unit&quot;:&quot;px&quot;,&quot;size&quot;:&quot;&quot;,&quot;sizes&quot;:[]},&quot;row_gap_mobile&quot;:{&quot;unit&quot;:&quot;px&quot;,&quot;size&quot;:&quot;&quot;,&quot;sizes&quot;:[]}}\" data-widget_type=\"loop-grid.post\">\n\t\t\t\t<div class=\"elementor-widget-container\">\n\t\t\t\t\t\t\t<div class=\"elementor-loop-container elementor-grid\">\n\t\t<style id=\"loop-247\">.elementor-247 .elementor-element.elementor-element-56862b80{--display:flex;--flex-direction:column;--container-widget-width:100%;--container-widget-height:initial;--container-widget-flex-grow:0;--container-widget-align-self:initial;--flex-wrap-mobile:wrap;--gap:24px 0px;--row-gap:24px;--column-gap:0px;--background-transition:0.3s;border-style:solid;--border-style:solid;border-width:1px 1px 1px 1px;--border-top-width:1px;--border-right-width:1px;--border-bottom-width:1px;--border-left-width:1px;border-color:var( --e-global-color-primary );--border-color:var( --e-global-color-primary );--border-radius:12px 12px 12px 12px;--padding-top:24px;--padding-bottom:24px;--padding-left:24px;--padding-right:24px;}.elementor-247 .elementor-element.elementor-element-56862b80:not(.elementor-motion-effects-element-type-background), .elementor-247 .elementor-element.elementor-element-56862b80 > .elementor-motion-effects-container > .elementor-motion-effects-layer{background-color:var( --e-global-color-primary );}.elementor-247 .elementor-element.elementor-element-56862b80:hover{background-color:var( --e-global-color-16a123f );}.elementor-widget-theme-post-featured-image .widget-image-caption{font-family:var( --e-global-typography-text-font-family ), Sans-serif;font-weight:var( --e-global-typography-text-font-weight );}.elementor-247 .elementor-element.elementor-element-1721941f{text-align:left;}.elementor-247 .elementor-element.elementor-element-1721941f img{width:160px;height:160px;object-fit:cover;object-position:center center;filter:brightness( 100% ) contrast( 100% ) saturate( 0% ) blur( 0px ) hue-rotate( 0deg );border-radius:3px 3px 3px 3px;}.elementor-247 .elementor-element.elementor-element-a2a4b7a{--display:flex;--gap:8px 0px;--row-gap:8px;--column-gap:0px;--padding-top:0px;--padding-bottom:0px;--padding-left:0px;--padding-right:0px;}.elementor-widget-heading .elementor-heading-title{font-family:var( --e-global-typography-primary-font-family ), Sans-serif;font-weight:var( --e-global-typography-primary-font-weight );}.elementor-247 .elementor-element.elementor-element-5b99a35 .elementor-heading-title{font-size:var( --e-global-typography-936312e-font-size );font-weight:var( --e-global-typography-936312e-font-weight );color:var( --e-global-color-490ce12 );}.elementor-widget-theme-post-title .elementor-heading-title{font-family:var( --e-global-typography-primary-font-family ), Sans-serif;font-weight:var( --e-global-typography-primary-font-weight );}.elementor-247 .elementor-element.elementor-element-77a2b019 .elementor-heading-title{font-size:var( --e-global-typography-07ebd51-font-size );font-weight:var( --e-global-typography-07ebd51-font-weight );line-height:var( --e-global-typography-07ebd51-line-height );color:var( --e-global-color-490ce12 );}@media(max-width:1024px){.elementor-247 .elementor-element.elementor-element-5b99a35 .elementor-heading-title{font-size:var( --e-global-typography-936312e-font-size );}.elementor-247 .elementor-element.elementor-element-77a2b019 .elementor-heading-title{font-size:var( --e-global-typography-07ebd51-font-size );line-height:var( --e-global-typography-07ebd51-line-height );}}@media(max-width:767px){.elementor-247 .elementor-element.elementor-element-5b99a35 .elementor-heading-title{font-size:var( --e-global-typography-936312e-font-size );}.elementor-247 .elementor-element.elementor-element-77a2b019 .elementor-heading-title{font-size:var( --e-global-typography-07ebd51-font-size );line-height:var( --e-global-typography-07ebd51-line-height );}}<\/style>\t\t<div data-elementor-type=\"loop-item\" data-elementor-id=\"247\" class=\"elementor elementor-247 e-loop-item e-loop-item-1532 post-1532 post type-post status-publish format-standard has-post-thumbnail hentry category-actividades category-congresos category-noticias\" data-elementor-post-type=\"elementor_library\" data-custom-edit-handle=\"1\">\n\t\t\t<a class=\"elementor-element elementor-element-56862b80 e-flex e-con-boxed e-con e-parent\" data-id=\"56862b80\" data-element_type=\"container\" id=\"card\" data-settings=\"{&quot;background_background&quot;:&quot;classic&quot;}\" href=\"https:\/\/violenceagainstwomeneu.com\/en\/noticias\/i-congreso-internacional-violencia-de-genero-y-migracion-22-23-y-24-de-octubre-de-2025\/\">\n\t\t\t\t\t<div class=\"e-con-inner\">\n\t\t\t\t<div class=\"elementor-element elementor-element-1721941f elementor-widget elementor-widget-theme-post-featured-image elementor-widget-image\" data-id=\"1721941f\" data-element_type=\"widget\" data-widget_type=\"theme-post-featured-image.default\">\n\t\t\t\t<div class=\"elementor-widget-container\">\n\t\t\t\t\t\t\t\t\t\t\t\t\t\t\t<img fetchpriority=\"high\" decoding=\"async\" width=\"699\" height=\"988\" src=\"https:\/\/violenceagainstwomeneu.com\/wp-content\/uploads\/2025\/07\/POSTER_I-congreso-internacional-violencia-genero-migracion.jpg\" class=\"attachment-large size-large wp-image-1533\" alt=\"\" srcset=\"https:\/\/violenceagainstwomeneu.com\/wp-content\/uploads\/2025\/07\/POSTER_I-congreso-internacional-violencia-genero-migracion.jpg 699w, https:\/\/violenceagainstwomeneu.com\/wp-content\/uploads\/2025\/07\/POSTER_I-congreso-internacional-violencia-genero-migracion-212x300.jpg 212w, https:\/\/violenceagainstwomeneu.com\/wp-content\/uploads\/2025\/07\/POSTER_I-congreso-internacional-violencia-genero-migracion-8x12.jpg 8w\" sizes=\"(max-width: 699px) 100vw, 699px\" \/>\t\t\t\t\t\t\t\t\t\t\t\t\t\t\t<\/div>\n\t\t\t\t<\/div>\n\t\t<div class=\"elementor-element elementor-element-a2a4b7a e-con-full e-flex e-con e-child\" data-id=\"a2a4b7a\" data-element_type=\"container\">\n\t\t\t\t<div class=\"elementor-element elementor-element-5b99a35 elementor-widget elementor-widget-heading\" data-id=\"5b99a35\" data-element_type=\"widget\" data-widget_type=\"heading.default\">\n\t\t\t\t<div class=\"elementor-widget-container\">\n\t\t\t\t\t<span class=\"elementor-heading-title elementor-size-default\">4 July, 2025<\/span>\t\t\t\t<\/div>\n\t\t\t\t<\/div>\n\t\t\t\t<div class=\"elementor-element elementor-element-77a2b019 elementor-widget elementor-widget-theme-post-title elementor-page-title elementor-widget-heading\" data-id=\"77a2b019\" data-element_type=\"widget\" data-widget_type=\"theme-post-title.default\">\n\t\t\t\t<div class=\"elementor-widget-container\">\n\t\t\t\t\t<h3 class=\"elementor-heading-title elementor-size-default\">I Congreso Internacional \u00abViolencia de g\u00e9nero y migraci\u00f3n\u00bb. 22, 23 y 24 de octubre de 2025.<\/h3>\t\t\t\t<\/div>\n\t\t\t\t<\/div>\n\t\t\t\t<\/div>\n\t\t\t\t\t<\/div>\n\t\t\t\t<\/a>\n\t\t\t\t<\/div>\n\t\t\t\t<div data-elementor-type=\"loop-item\" data-elementor-id=\"247\" class=\"elementor elementor-247 e-loop-item e-loop-item-1527 post-1527 post type-post status-publish format-standard has-post-thumbnail hentry category-noticias\" data-elementor-post-type=\"elementor_library\" data-custom-edit-handle=\"1\">\n\t\t\t<a class=\"elementor-element elementor-element-56862b80 e-flex e-con-boxed e-con e-parent\" data-id=\"56862b80\" data-element_type=\"container\" id=\"card\" data-settings=\"{&quot;background_background&quot;:&quot;classic&quot;}\" href=\"https:\/\/violenceagainstwomeneu.com\/en\/noticias\/9-de-mayo-dia-de-europa\/\">\n\t\t\t\t\t<div class=\"e-con-inner\">\n\t\t\t\t<div class=\"elementor-element elementor-element-1721941f elementor-widget elementor-widget-theme-post-featured-image elementor-widget-image\" data-id=\"1721941f\" data-element_type=\"widget\" data-widget_type=\"theme-post-featured-image.default\">\n\t\t\t\t<div class=\"elementor-widget-container\">\n\t\t\t\t\t\t\t\t\t\t\t\t\t\t\t<img decoding=\"async\" width=\"700\" height=\"420\" src=\"https:\/\/violenceagainstwomeneu.com\/wp-content\/uploads\/2025\/05\/Europe-day-2025.png\" class=\"attachment-large size-large wp-image-1528\" alt=\"\" srcset=\"https:\/\/violenceagainstwomeneu.com\/wp-content\/uploads\/2025\/05\/Europe-day-2025.png 700w, https:\/\/violenceagainstwomeneu.com\/wp-content\/uploads\/2025\/05\/Europe-day-2025-300x180.png 300w, https:\/\/violenceagainstwomeneu.com\/wp-content\/uploads\/2025\/05\/Europe-day-2025-18x12.png 18w\" sizes=\"(max-width: 700px) 100vw, 700px\" \/>\t\t\t\t\t\t\t\t\t\t\t\t\t\t\t<\/div>\n\t\t\t\t<\/div>\n\t\t<div class=\"elementor-element elementor-element-a2a4b7a e-con-full e-flex e-con e-child\" data-id=\"a2a4b7a\" data-element_type=\"container\">\n\t\t\t\t<div class=\"elementor-element elementor-element-5b99a35 elementor-widget elementor-widget-heading\" data-id=\"5b99a35\" data-element_type=\"widget\" data-widget_type=\"heading.default\">\n\t\t\t\t<div class=\"elementor-widget-container\">\n\t\t\t\t\t<span class=\"elementor-heading-title elementor-size-default\">16 May, 2025<\/span>\t\t\t\t<\/div>\n\t\t\t\t<\/div>\n\t\t\t\t<div class=\"elementor-element elementor-element-77a2b019 elementor-widget elementor-widget-theme-post-title elementor-page-title elementor-widget-heading\" data-id=\"77a2b019\" data-element_type=\"widget\" data-widget_type=\"theme-post-title.default\">\n\t\t\t\t<div class=\"elementor-widget-container\">\n\t\t\t\t\t<h3 class=\"elementor-heading-title elementor-size-default\">9 DE MAYO\u00a0 \u00abD\u00eda de Europa\u00bb<\/h3>\t\t\t\t<\/div>\n\t\t\t\t<\/div>\n\t\t\t\t<\/div>\n\t\t\t\t\t<\/div>\n\t\t\t\t<\/a>\n\t\t\t\t<\/div>\n\t\t\t\t<div data-elementor-type=\"loop-item\" data-elementor-id=\"247\" class=\"elementor elementor-247 e-loop-item e-loop-item-1442 post-1442 post type-post status-publish format-standard has-post-thumbnail hentry category-noticias\" data-elementor-post-type=\"elementor_library\" data-custom-edit-handle=\"1\">\n\t\t\t<a class=\"elementor-element elementor-element-56862b80 e-flex e-con-boxed e-con e-parent\" data-id=\"56862b80\" data-element_type=\"container\" id=\"card\" data-settings=\"{&quot;background_background&quot;:&quot;classic&quot;}\" href=\"https:\/\/violenceagainstwomeneu.com\/en\/noticias\/la-comision-presenta-su-hoja-de-ruta-para-reforzar-los-derechos-de-la-mujer\/\">\n\t\t\t\t\t<div class=\"e-con-inner\">\n\t\t\t\t<div class=\"elementor-element elementor-element-1721941f elementor-widget elementor-widget-theme-post-featured-image elementor-widget-image\" data-id=\"1721941f\" data-element_type=\"widget\" data-widget_type=\"theme-post-featured-image.default\">\n\t\t\t\t<div class=\"elementor-widget-container\">\n\t\t\t\t\t\t\t\t\t\t\t\t\t\t\t<img decoding=\"async\" width=\"800\" height=\"471\" src=\"https:\/\/violenceagainstwomeneu.com\/wp-content\/uploads\/2025\/03\/image2.png\" class=\"attachment-large size-large wp-image-1447\" alt=\"\" srcset=\"https:\/\/violenceagainstwomeneu.com\/wp-content\/uploads\/2025\/03\/image2.png 992w, https:\/\/violenceagainstwomeneu.com\/wp-content\/uploads\/2025\/03\/image2-300x177.png 300w, https:\/\/violenceagainstwomeneu.com\/wp-content\/uploads\/2025\/03\/image2-768x452.png 768w, https:\/\/violenceagainstwomeneu.com\/wp-content\/uploads\/2025\/03\/image2-18x12.png 18w\" sizes=\"(max-width: 800px) 100vw, 800px\" \/>\t\t\t\t\t\t\t\t\t\t\t\t\t\t\t<\/div>\n\t\t\t\t<\/div>\n\t\t<div class=\"elementor-element elementor-element-a2a4b7a e-con-full e-flex e-con e-child\" data-id=\"a2a4b7a\" data-element_type=\"container\">\n\t\t\t\t<div class=\"elementor-element elementor-element-5b99a35 elementor-widget elementor-widget-heading\" data-id=\"5b99a35\" data-element_type=\"widget\" data-widget_type=\"heading.default\">\n\t\t\t\t<div class=\"elementor-widget-container\">\n\t\t\t\t\t<span class=\"elementor-heading-title elementor-size-default\">14 March, 2025<\/span>\t\t\t\t<\/div>\n\t\t\t\t<\/div>\n\t\t\t\t<div class=\"elementor-element elementor-element-77a2b019 elementor-widget elementor-widget-theme-post-title elementor-page-title elementor-widget-heading\" data-id=\"77a2b019\" data-element_type=\"widget\" data-widget_type=\"theme-post-title.default\">\n\t\t\t\t<div class=\"elementor-widget-container\">\n\t\t\t\t\t<h3 class=\"elementor-heading-title elementor-size-default\">La Comisi\u00f3n presenta su hoja de ruta para reforzar los derechos de la mujer<\/h3>\t\t\t\t<\/div>\n\t\t\t\t<\/div>\n\t\t\t\t<\/div>\n\t\t\t\t\t<\/div>\n\t\t\t\t<\/a>\n\t\t\t\t<\/div>\n\t\t\t\t<div data-elementor-type=\"loop-item\" data-elementor-id=\"247\" class=\"elementor elementor-247 e-loop-item e-loop-item-1439 post-1439 post type-post status-publish format-standard has-post-thumbnail hentry category-noticias\" data-elementor-post-type=\"elementor_library\" data-custom-edit-handle=\"1\">\n\t\t\t<a class=\"elementor-element elementor-element-56862b80 e-flex e-con-boxed e-con e-parent\" data-id=\"56862b80\" data-element_type=\"container\" id=\"card\" data-settings=\"{&quot;background_background&quot;:&quot;classic&quot;}\" href=\"https:\/\/violenceagainstwomeneu.com\/en\/noticias\/declaracion-de-la-comision-y-del-alto-representante-con-ocasion-del-dia-internacional-de-la-mujer\/\">\n\t\t\t\t\t<div class=\"e-con-inner\">\n\t\t\t\t<div class=\"elementor-element elementor-element-1721941f elementor-widget elementor-widget-theme-post-featured-image elementor-widget-image\" data-id=\"1721941f\" data-element_type=\"widget\" data-widget_type=\"theme-post-featured-image.default\">\n\t\t\t\t<div class=\"elementor-widget-container\">\n\t\t\t\t\t\t\t\t\t\t\t\t\t\t\t<img loading=\"lazy\" decoding=\"async\" width=\"800\" height=\"803\" src=\"https:\/\/violenceagainstwomeneu.com\/wp-content\/uploads\/2025\/03\/1615202196514-e1741950110673-1020x1024.jpeg\" class=\"attachment-large size-large wp-image-1440\" alt=\"\" srcset=\"https:\/\/violenceagainstwomeneu.com\/wp-content\/uploads\/2025\/03\/1615202196514-e1741950110673-1020x1024.jpeg 1020w, https:\/\/violenceagainstwomeneu.com\/wp-content\/uploads\/2025\/03\/1615202196514-e1741950110673-300x300.jpeg 300w, https:\/\/violenceagainstwomeneu.com\/wp-content\/uploads\/2025\/03\/1615202196514-e1741950110673-150x150.jpeg 150w, https:\/\/violenceagainstwomeneu.com\/wp-content\/uploads\/2025\/03\/1615202196514-e1741950110673-768x771.jpeg 768w, https:\/\/violenceagainstwomeneu.com\/wp-content\/uploads\/2025\/03\/1615202196514-e1741950110673-12x12.jpeg 12w, https:\/\/violenceagainstwomeneu.com\/wp-content\/uploads\/2025\/03\/1615202196514-e1741950110673.jpeg 1154w\" sizes=\"(max-width: 800px) 100vw, 800px\" \/>\t\t\t\t\t\t\t\t\t\t\t\t\t\t\t<\/div>\n\t\t\t\t<\/div>\n\t\t<div class=\"elementor-element elementor-element-a2a4b7a e-con-full e-flex e-con e-child\" data-id=\"a2a4b7a\" data-element_type=\"container\">\n\t\t\t\t<div class=\"elementor-element elementor-element-5b99a35 elementor-widget elementor-widget-heading\" data-id=\"5b99a35\" data-element_type=\"widget\" data-widget_type=\"heading.default\">\n\t\t\t\t<div class=\"elementor-widget-container\">\n\t\t\t\t\t<span class=\"elementor-heading-title elementor-size-default\">14 March, 2025<\/span>\t\t\t\t<\/div>\n\t\t\t\t<\/div>\n\t\t\t\t<div class=\"elementor-element elementor-element-77a2b019 elementor-widget elementor-widget-theme-post-title elementor-page-title elementor-widget-heading\" data-id=\"77a2b019\" data-element_type=\"widget\" data-widget_type=\"theme-post-title.default\">\n\t\t\t\t<div class=\"elementor-widget-container\">\n\t\t\t\t\t<h3 class=\"elementor-heading-title elementor-size-default\">Declaraci\u00f3n de la Comisi\u00f3n y del Alto Representante con ocasi\u00f3n del D\u00eda Internacional de la Mujer<\/h3>\t\t\t\t<\/div>\n\t\t\t\t<\/div>\n\t\t\t\t<\/div>\n\t\t\t\t\t<\/div>\n\t\t\t\t<\/a>\n\t\t\t\t<\/div>\n\t\t\t\t<div data-elementor-type=\"loop-item\" data-elementor-id=\"247\" class=\"elementor elementor-247 e-loop-item e-loop-item-798 post-798 post type-post status-publish format-standard has-post-thumbnail hentry category-noticias\" data-elementor-post-type=\"elementor_library\" data-custom-edit-handle=\"1\">\n\t\t\t<a class=\"elementor-element elementor-element-56862b80 e-flex e-con-boxed e-con e-parent\" data-id=\"56862b80\" data-element_type=\"container\" id=\"card\" data-settings=\"{&quot;background_background&quot;:&quot;classic&quot;}\" href=\"https:\/\/violenceagainstwomeneu.com\/en\/noticias\/dia-internacional-del-migrante-2024\/\">\n\t\t\t\t\t<div class=\"e-con-inner\">\n\t\t\t\t<div class=\"elementor-element elementor-element-1721941f elementor-widget elementor-widget-theme-post-featured-image elementor-widget-image\" data-id=\"1721941f\" data-element_type=\"widget\" data-widget_type=\"theme-post-featured-image.default\">\n\t\t\t\t<div class=\"elementor-widget-container\">\n\t\t\t\t\t\t\t\t\t\t\t\t\t\t\t<img loading=\"lazy\" decoding=\"async\" width=\"800\" height=\"375\" src=\"https:\/\/violenceagainstwomeneu.com\/wp-content\/uploads\/2025\/01\/imd-website-banner_es-1.png\" class=\"attachment-large size-large wp-image-801\" alt=\"\" srcset=\"https:\/\/violenceagainstwomeneu.com\/wp-content\/uploads\/2025\/01\/imd-website-banner_es-1.png 800w, https:\/\/violenceagainstwomeneu.com\/wp-content\/uploads\/2025\/01\/imd-website-banner_es-1-300x141.png 300w, https:\/\/violenceagainstwomeneu.com\/wp-content\/uploads\/2025\/01\/imd-website-banner_es-1-768x360.png 768w\" sizes=\"(max-width: 800px) 100vw, 800px\" \/>\t\t\t\t\t\t\t\t\t\t\t\t\t\t\t<\/div>\n\t\t\t\t<\/div>\n\t\t<div class=\"elementor-element elementor-element-a2a4b7a e-con-full e-flex e-con e-child\" data-id=\"a2a4b7a\" data-element_type=\"container\">\n\t\t\t\t<div class=\"elementor-element elementor-element-5b99a35 elementor-widget elementor-widget-heading\" data-id=\"5b99a35\" data-element_type=\"widget\" data-widget_type=\"heading.default\">\n\t\t\t\t<div class=\"elementor-widget-container\">\n\t\t\t\t\t<span class=\"elementor-heading-title elementor-size-default\">7 January, 2025<\/span>\t\t\t\t<\/div>\n\t\t\t\t<\/div>\n\t\t\t\t<div class=\"elementor-element elementor-element-77a2b019 elementor-widget elementor-widget-theme-post-title elementor-page-title elementor-widget-heading\" data-id=\"77a2b019\" data-element_type=\"widget\" data-widget_type=\"theme-post-title.default\">\n\t\t\t\t<div class=\"elementor-widget-container\">\n\t\t\t\t\t<h3 class=\"elementor-heading-title elementor-size-default\">D\u00eda Internacional del Migrante 2024<\/h3>\t\t\t\t<\/div>\n\t\t\t\t<\/div>\n\t\t\t\t<\/div>\n\t\t\t\t\t<\/div>\n\t\t\t\t<\/a>\n\t\t\t\t<\/div>\n\t\t\t\t<div data-elementor-type=\"loop-item\" data-elementor-id=\"247\" class=\"elementor elementor-247 e-loop-item e-loop-item-793 post-793 post type-post status-publish format-standard has-post-thumbnail hentry category-noticias\" data-elementor-post-type=\"elementor_library\" data-custom-edit-handle=\"1\">\n\t\t\t<a class=\"elementor-element elementor-element-56862b80 e-flex e-con-boxed e-con e-parent\" data-id=\"56862b80\" data-element_type=\"container\" id=\"card\" data-settings=\"{&quot;background_background&quot;:&quot;classic&quot;}\" href=\"https:\/\/violenceagainstwomeneu.com\/en\/noticias\/25-de-noviembre-dia-internacional-contra-la-violencia-de-genero\/\">\n\t\t\t\t\t<div class=\"e-con-inner\">\n\t\t\t\t<div class=\"elementor-element elementor-element-1721941f elementor-widget elementor-widget-theme-post-featured-image elementor-widget-image\" data-id=\"1721941f\" data-element_type=\"widget\" data-widget_type=\"theme-post-featured-image.default\">\n\t\t\t\t<div class=\"elementor-widget-container\">\n\t\t\t\t\t\t\t\t\t\t\t\t\t\t\t<img loading=\"lazy\" decoding=\"async\" width=\"424\" height=\"112\" src=\"https:\/\/violenceagainstwomeneu.com\/wp-content\/uploads\/2024\/11\/logo-ce-horizontal-en-quadri-lr-1.png\" class=\"attachment-large size-large wp-image-19\" alt=\"\" srcset=\"https:\/\/violenceagainstwomeneu.com\/wp-content\/uploads\/2024\/11\/logo-ce-horizontal-en-quadri-lr-1.png 424w, https:\/\/violenceagainstwomeneu.com\/wp-content\/uploads\/2024\/11\/logo-ce-horizontal-en-quadri-lr-1-300x79.png 300w\" sizes=\"(max-width: 424px) 100vw, 424px\" \/>\t\t\t\t\t\t\t\t\t\t\t\t\t\t\t<\/div>\n\t\t\t\t<\/div>\n\t\t<div class=\"elementor-element elementor-element-a2a4b7a e-con-full e-flex e-con e-child\" data-id=\"a2a4b7a\" data-element_type=\"container\">\n\t\t\t\t<div class=\"elementor-element elementor-element-5b99a35 elementor-widget elementor-widget-heading\" data-id=\"5b99a35\" data-element_type=\"widget\" data-widget_type=\"heading.default\">\n\t\t\t\t<div class=\"elementor-widget-container\">\n\t\t\t\t\t<span class=\"elementor-heading-title elementor-size-default\">7 January, 2025<\/span>\t\t\t\t<\/div>\n\t\t\t\t<\/div>\n\t\t\t\t<div class=\"elementor-element elementor-element-77a2b019 elementor-widget elementor-widget-theme-post-title elementor-page-title elementor-widget-heading\" data-id=\"77a2b019\" data-element_type=\"widget\" data-widget_type=\"theme-post-title.default\">\n\t\t\t\t<div class=\"elementor-widget-container\">\n\t\t\t\t\t<h3 class=\"elementor-heading-title elementor-size-default\">25 de noviembre. D\u00eda Internacional contra la Violencia de G\u00e9nero.<\/h3>\t\t\t\t<\/div>\n\t\t\t\t<\/div>\n\t\t\t\t<\/div>\n\t\t\t\t\t<\/div>\n\t\t\t\t<\/a>\n\t\t\t\t<\/div>\n\t\t\t\t<\/div>\n\t\t\n\t\t\t\t\t\t<\/div>\n\t\t\t\t<\/div>\n\t\t\t\t\t<\/div>\n\t\t\t\t<\/div>\n\t\t\t\t<\/div>","protected":false},"excerpt":{"rendered":"","protected":false},"author":1,"featured_media":0,"parent":0,"menu_order":0,"comment_status":"closed","ping_status":"closed","template":"","meta":{"footnotes":""},"class_list":["post-40","page","type-page","status-publish","hentry"],"_links":{"self":[{"href":"https:\/\/violenceagainstwomeneu.com\/en\/wp-json\/wp\/v2\/pages\/40","targetHints":{"allow":["GET"]}}],"collection":[{"href":"https:\/\/violenceagainstwomeneu.com\/en\/wp-json\/wp\/v2\/pages"}],"about":[{"href":"https:\/\/violenceagainstwomeneu.com\/en\/wp-json\/wp\/v2\/types\/page"}],"author":[{"embeddable":true,"href":"https:\/\/violenceagainstwomeneu.com\/en\/wp-json\/wp\/v2\/users\/1"}],"replies":[{"embeddable":true,"href":"https:\/\/violenceagainstwomeneu.com\/en\/wp-json\/wp\/v2\/comments?post=40"}],"version-history":[{"count":7,"href":"https:\/\/violenceagainstwomeneu.com\/en\/wp-json\/wp\/v2\/pages\/40\/revisions"}],"predecessor-version":[{"id":1054,"href":"https:\/\/violenceagainstwomeneu.com\/en\/wp-json\/wp\/v2\/pages\/40\/revisions\/1054"}],"wp:attachment":[{"href":"https:\/\/violenceagainstwomeneu.com\/en\/wp-json\/wp\/v2\/media?parent=40"}],"curies":[{"name":"wp","href":"https:\/\/api.w.org\/{rel}","templated":true}]}}